{"id":4814,"date":"2022-03-17T16:03:09","date_gmt":"2022-03-17T13:03:09","guid":{"rendered":"https:\/\/www.powerasphalt.com\/?page_id=4814"},"modified":"2025-03-17T10:36:19","modified_gmt":"2025-03-17T07:36:19","slug":"elek-unitesi","status":"publish","type":"page","link":"https:\/\/www.powerasphalt.com\/tr\/asfalt-plent-uniteleri\/elek-unitesi\/","title":{"rendered":"ELEK \u00dcN\u0130TES\u0130"},"content":{"rendered":"","protected":false},"excerpt":{"rendered":"","protected":false},"author":1,"featured_media":9194,"parent":3810,"menu_order":0,"comment_status":"closed","ping_status":"closed","template":"","meta":{"footnotes":""},"class_list":["post-4814","page","type-page","status-publish","has-post-thumbnail","hentry"],"aioseo_notices":[],"_links":{"self":[{"href":"https:\/\/www.powerasphalt.com\/tr\/wp-json\/wp\/v2\/pages\/4814","targetHints":{"allow":["GET"]}}],"collection":[{"href":"https:\/\/www.powerasphalt.com\/tr\/wp-json\/wp\/v2\/pages"}],"about":[{"href":"https:\/\/www.powerasphalt.com\/tr\/wp-json\/wp\/v2\/types\/page"}],"author":[{"embeddable":true,"href":"https:\/\/www.powerasphalt.com\/tr\/wp-json\/wp\/v2\/users\/1"}],"replies":[{"embeddable":true,"href":"https:\/\/www.powerasphalt.com\/tr\/wp-json\/wp\/v2\/comments?post=4814"}],"version-history":[{"count":0,"href":"https:\/\/www.powerasphalt.com\/tr\/wp-json\/wp\/v2\/pages\/4814\/revisions"}],"up":[{"embeddable":true,"href":"https:\/\/www.powerasphalt.com\/tr\/wp-json\/wp\/v2\/pages\/3810"}],"wp:featuredmedia":[{"embeddable":true,"href":"https:\/\/www.powerasphalt.com\/tr\/wp-json\/wp\/v2\/media\/9194"}],"wp:attachment":[{"href":"https:\/\/www.powerasphalt.com\/tr\/wp-json\/wp\/v2\/media?parent=4814"}],"curies":[{"name":"wp","href":"https:\/\/api.w.org\/{rel}","templated":true}]}}