{"id":5013,"date":"2022-06-29T15:37:26","date_gmt":"2022-06-29T12:37:26","guid":{"rendered":"https:\/\/www.powerasphalt.com\/?page_id=5013"},"modified":"2025-03-17T10:39:54","modified_gmt":"2025-03-17T07:39:54","slug":"kizgin-yag-kazani","status":"publish","type":"page","link":"https:\/\/www.powerasphalt.com\/tr\/asfalt-plent-uniteleri\/kizgin-yag-kazani\/","title":{"rendered":"KIZGIN YA\u011e KAZANI"},"content":{"rendered":"<p>K\u0131zg\u0131n ya\u011f kazan\u0131, genel olarak asfalt plentlerinde bit\u00fcm tanklar\u0131na depolanan bit\u00fcm\u00fcn belirli bir s\u0131cakl\u0131\u011fa kadar \u0131s\u0131t\u0131lmas\u0131 i\u00e7in kullan\u0131l\u0131rlar. \u00c7al\u0131\u015fma prensibi, k\u0131zg\u0131n ya\u011f hatt\u0131nda bulunan ya\u011f\u0131n pompa vas\u0131tas\u0131yla sirk\u00fclasyonu yap\u0131larak, br\u00fcl\u00f6r vas\u0131tas\u0131yla \u0131s\u0131t\u0131lmas\u0131 esas\u0131na dayan\u0131r.<\/p>\n","protected":false},"excerpt":{"rendered":"<p>K\u0131zg\u0131n ya\u011f kazan\u0131, genel olarak asfalt plentlerinde bit\u00fcm tanklar\u0131na depolanan bit\u00fcm\u00fcn belirli bir s\u0131cakl\u0131\u011fa kadar \u0131s\u0131t\u0131lmas\u0131 i\u00e7in kullan\u0131l\u0131rlar. \u00c7al\u0131\u015fma prensibi, k\u0131zg\u0131n ya\u011f hatt\u0131nda bulunan ya\u011f\u0131n pompa vas\u0131tas\u0131yla sirk\u00fclasyonu yap\u0131larak, br\u00fcl\u00f6r vas\u0131tas\u0131yla \u0131s\u0131t\u0131lmas\u0131 esas\u0131na dayan\u0131r.<\/p>\n","protected":false},"author":1,"featured_media":8940,"parent":3810,"menu_order":0,"comment_status":"closed","ping_status":"closed","template":"","meta":{"footnotes":""},"class_list":["post-5013","page","type-page","status-publish","has-post-thumbnail","hentry"],"aioseo_notices":[],"_links":{"self":[{"href":"https:\/\/www.powerasphalt.com\/tr\/wp-json\/wp\/v2\/pages\/5013","targetHints":{"allow":["GET"]}}],"collection":[{"href":"https:\/\/www.powerasphalt.com\/tr\/wp-json\/wp\/v2\/pages"}],"about":[{"href":"https:\/\/www.powerasphalt.com\/tr\/wp-json\/wp\/v2\/types\/page"}],"author":[{"embeddable":true,"href":"https:\/\/www.powerasphalt.com\/tr\/wp-json\/wp\/v2\/users\/1"}],"replies":[{"embeddable":true,"href":"https:\/\/www.powerasphalt.com\/tr\/wp-json\/wp\/v2\/comments?post=5013"}],"version-history":[{"count":0,"href":"https:\/\/www.powerasphalt.com\/tr\/wp-json\/wp\/v2\/pages\/5013\/revisions"}],"up":[{"embeddable":true,"href":"https:\/\/www.powerasphalt.com\/tr\/wp-json\/wp\/v2\/pages\/3810"}],"wp:featuredmedia":[{"embeddable":true,"href":"https:\/\/www.powerasphalt.com\/tr\/wp-json\/wp\/v2\/media\/8940"}],"wp:attachment":[{"href":"https:\/\/www.powerasphalt.com\/tr\/wp-json\/wp\/v2\/media?parent=5013"}],"curies":[{"name":"wp","href":"https:\/\/api.w.org\/{rel}","templated":true}]}}