{"id":9168,"date":"2023-04-11T10:57:36","date_gmt":"2023-04-11T07:57:36","guid":{"rendered":"https:\/\/www.powerasphalt.com\/?page_id=9168"},"modified":"2025-03-17T10:41:10","modified_gmt":"2025-03-17T07:41:10","slug":"modifiye-bitum-plenti","status":"publish","type":"page","link":"https:\/\/www.powerasphalt.com\/tr\/asfalt-plent-uniteleri\/modifiye-bitum-plenti\/","title":{"rendered":"MOD\u0130F\u0130YE B\u0130T\u00dcM PLENT\u0130"},"content":{"rendered":"","protected":false},"excerpt":{"rendered":"","protected":false},"author":2,"featured_media":9261,"parent":3810,"menu_order":0,"comment_status":"closed","ping_status":"closed","template":"","meta":{"footnotes":""},"class_list":["post-9168","page","type-page","status-publish","has-post-thumbnail","hentry"],"aioseo_notices":[],"_links":{"self":[{"href":"https:\/\/www.powerasphalt.com\/tr\/wp-json\/wp\/v2\/pages\/9168","targetHints":{"allow":["GET"]}}],"collection":[{"href":"https:\/\/www.powerasphalt.com\/tr\/wp-json\/wp\/v2\/pages"}],"about":[{"href":"https:\/\/www.powerasphalt.com\/tr\/wp-json\/wp\/v2\/types\/page"}],"author":[{"embeddable":true,"href":"https:\/\/www.powerasphalt.com\/tr\/wp-json\/wp\/v2\/users\/2"}],"replies":[{"embeddable":true,"href":"https:\/\/www.powerasphalt.com\/tr\/wp-json\/wp\/v2\/comments?post=9168"}],"version-history":[{"count":0,"href":"https:\/\/www.powerasphalt.com\/tr\/wp-json\/wp\/v2\/pages\/9168\/revisions"}],"up":[{"embeddable":true,"href":"https:\/\/www.powerasphalt.com\/tr\/wp-json\/wp\/v2\/pages\/3810"}],"wp:featuredmedia":[{"embeddable":true,"href":"https:\/\/www.powerasphalt.com\/tr\/wp-json\/wp\/v2\/media\/9261"}],"wp:attachment":[{"href":"https:\/\/www.powerasphalt.com\/tr\/wp-json\/wp\/v2\/media?parent=9168"}],"curies":[{"name":"wp","href":"https:\/\/api.w.org\/{rel}","templated":true}]}}