{"id":9173,"date":"2023-04-11T10:59:27","date_gmt":"2023-04-11T07:59:27","guid":{"rendered":"https:\/\/www.powerasphalt.com\/?page_id=9173"},"modified":"2025-03-17T10:44:17","modified_gmt":"2025-03-17T07:44:17","slug":"seluloz-katki-sistemi","status":"publish","type":"page","link":"https:\/\/www.powerasphalt.com\/tr\/asfalt-plent-uniteleri\/seluloz-katki-sistemi\/","title":{"rendered":"SEL\u00dcLOZ KATKI S\u0130STEM\u0130"},"content":{"rendered":"","protected":false},"excerpt":{"rendered":"","protected":false},"author":2,"featured_media":0,"parent":3810,"menu_order":0,"comment_status":"closed","ping_status":"closed","template":"","meta":{"footnotes":""},"class_list":["post-9173","page","type-page","status-publish","hentry"],"aioseo_notices":[],"_links":{"self":[{"href":"https:\/\/www.powerasphalt.com\/tr\/wp-json\/wp\/v2\/pages\/9173","targetHints":{"allow":["GET"]}}],"collection":[{"href":"https:\/\/www.powerasphalt.com\/tr\/wp-json\/wp\/v2\/pages"}],"about":[{"href":"https:\/\/www.powerasphalt.com\/tr\/wp-json\/wp\/v2\/types\/page"}],"author":[{"embeddable":true,"href":"https:\/\/www.powerasphalt.com\/tr\/wp-json\/wp\/v2\/users\/2"}],"replies":[{"embeddable":true,"href":"https:\/\/www.powerasphalt.com\/tr\/wp-json\/wp\/v2\/comments?post=9173"}],"version-history":[{"count":0,"href":"https:\/\/www.powerasphalt.com\/tr\/wp-json\/wp\/v2\/pages\/9173\/revisions"}],"up":[{"embeddable":true,"href":"https:\/\/www.powerasphalt.com\/tr\/wp-json\/wp\/v2\/pages\/3810"}],"wp:attachment":[{"href":"https:\/\/www.powerasphalt.com\/tr\/wp-json\/wp\/v2\/media?parent=9173"}],"curies":[{"name":"wp","href":"https:\/\/api.w.org\/{rel}","templated":true}]}}